{"id":89,"date":"2022-01-17T11:39:28","date_gmt":"2022-01-17T11:39:28","guid":{"rendered":"https:\/\/www.seleuciadergisi.com\/?page_id=89"},"modified":"2026-01-08T12:13:41","modified_gmt":"2026-01-08T12:13:41","slug":"iletisim","status":"publish","type":"page","link":"https:\/\/www.seleuciadergisi.com\/en\/iletisim\/","title":{"rendered":"CONTACT US"},"content":{"rendered":"<p>ISSN: 2148-4120<br>ISBN: 978-625-6925-83-0<\/p>\n\n\n\n<p><br><strong>Correspondence Address<br><\/strong>Assoc. Prof. Dr. Yavuz Ye\u011fin<br>Ankara \u00dcniversitesi,<br>Faculty of Language, History and Geography, Languages Building<br>Room no: Z7<br>Archaeology Department No: 45-45\/A<br>06100 \u2013 S\u0131hhiye \/ Ankara \u2013 T\u00fcrkiye<br>Tel: 0 312 310 32 80 \/ 1498<br>Email: ozyildirimmurat@gmail.com \u2013<br>yavuzyegin002@gmail.com<br>aemelerten@gmail.com<\/p>\n\n\n\n<p>Technical Regulation<br>Ar\u015f. G\u00f6r. Dr. Burak Erdem<\/p>\n\n\n\n<p>Publication Title: Seleucia<br>Publication Type: Local Periodical<br>Publication Format: Annual \u2013 Turkish and English.<br>Publisher: Bilgin Culture and Arts Organisation Publishing House<br>On behalf of Da\u011f. Paz. G\u0131d. \u0130n\u015f. San ve Tic. Ltd. \u015eti.<br>Engin Devrez<br>Managing Editor: Engin Devrez<br>Publication Management Address: Bilgin Culture and Arts Ltd.<br>64\/13, Selanik 2 Street, Karadeniz Business Centre, 3rd Floor<br>K\u0131z\u0131lay &#8211; Ankara<br>Tel: 0312 419 85 67<br>Sertifika no: 20193<br>www.bilginyayinevi.com<br>E &#8211; posta: bilginkultursanat@gmail.com<\/p>","protected":false},"excerpt":{"rendered":"<p>ISSN: 2148-4120ISBN: 978-625-6925-83-0 Yaz\u0131\u015fma AdresiDo\u00e7. Dr. Yavuz Ye\u011finAnkara \u00dcniversitesi,Dil ve Tarih \u2013 Co\u011frafya Fak\u00fcltesi, Diller Binas\u0131,Oda no: Z7Arkeoloji B\u00f6l\u00fcm\u00fc No:45-45\/A06100 \u2013 S\u0131hhiye \/ Ankara \u2013 T\u00fcrkiyeTel: 0 312 310 32 80 \/ 1498E \u2013 posta: ozyildirimmurat@gmail.com &#8211;yavuzyegin002@gmail.comaemelerten@gmail.com Teknik D\u00fczenlemeAr\u015f. G\u00f6r. Dr. Burak Erdem Yay\u0131n\u0131n Ad\u0131: Seleucia (Dergi)Yay\u0131n T\u00fcr\u00fc: Yerel S\u00fcreli Yay\u0131nYay\u0131n \u015eekli: Y\u0131ll\u0131k &#8211; T\u00fcrk\u00e7e<\/p><\/div>\n<div class=\"blog-btn\"><a href=\"https:\/\/www.seleuciadergisi.com\/en\/iletisim\/\" class=\"home-blog-btn\">Read More<\/a><\/p>","protected":false},"author":1,"featured_media":0,"parent":0,"menu_order":0,"comment_status":"closed","ping_status":"closed","template":"","meta":{"footnotes":""},"class_list":["post-89","page","type-page","status-publish","hentry"],"_links":{"self":[{"href":"https:\/\/www.seleuciadergisi.com\/en\/wp-json\/wp\/v2\/pages\/89","targetHints":{"allow":["GET"]}}],"collection":[{"href":"https:\/\/www.seleuciadergisi.com\/en\/wp-json\/wp\/v2\/pages"}],"about":[{"href":"https:\/\/www.seleuciadergisi.com\/en\/wp-json\/wp\/v2\/types\/page"}],"author":[{"embeddable":true,"href":"https:\/\/www.seleuciadergisi.com\/en\/wp-json\/wp\/v2\/users\/1"}],"replies":[{"embeddable":true,"href":"https:\/\/www.seleuciadergisi.com\/en\/wp-json\/wp\/v2\/comments?post=89"}],"version-history":[{"count":8,"href":"https:\/\/www.seleuciadergisi.com\/en\/wp-json\/wp\/v2\/pages\/89\/revisions"}],"predecessor-version":[{"id":180,"href":"https:\/\/www.seleuciadergisi.com\/en\/wp-json\/wp\/v2\/pages\/89\/revisions\/180"}],"wp:attachment":[{"href":"https:\/\/www.seleuciadergisi.com\/en\/wp-json\/wp\/v2\/media?parent=89"}],"curies":[{"name":"wp","href":"https:\/\/api.w.org\/{rel}","templated":true}]}}