{"id":82,"date":"2022-01-17T11:36:20","date_gmt":"2022-01-17T11:36:20","guid":{"rendered":"https:\/\/www.seleuciadergisi.com\/?page_id=82"},"modified":"2026-01-14T11:55:31","modified_gmt":"2026-01-14T11:55:31","slug":"yazim-kurallari","status":"publish","type":"page","link":"https:\/\/www.seleuciadergisi.com\/en\/yazim-kurallari\/","title":{"rendered":"SPELLING RULES"},"content":{"rendered":"<p><strong>Article Submission Guidelines<\/strong><\/p>\n\n\n\n<p>Seleucia is annually published by the Olba Excavations Series. Deadline for sending papers is February of each year. Seleucia features previously unpublished studies and book reviews on archaeology, ancient languages and cultures, ancient history and history of art written only in Turkish or English.<\/p>\n\n\n\n<p><strong>Publishing Principles<\/strong><\/p>\n\n\n\n<p>Articles should be submitted as word documents, with font type Times New Roman, font sizes 12 points for headings (first letters should be capitalized), 10 points for text, and 9 points for footnotes and references. The number of pages of each article should not be longer than ten pages, including the bibliography. If the study is on some aterial\/materials from a museum or an excavation, the permission for publication should be submitted together with the article. The book reviews should not be longer than three pages. If there are sub-titles, the headings should be written bold with small letters. Abstracts written in both Turkish and English should appear below the heading of the article, should be size of 9 points and minimum count of words should be 200. Below the abstracts, a minimum of 5 keywords for both languages should be included (of size 9 points) below the headings \u201canahtar s\u00f6zc\u00fckler\u201d and \u201ckeywords\u201d. The articles produced out of master\u2019s theses or doctoral dissertations will not be accepted for publication.<\/p>\n\n\n\n<p>\u2022 Footnotes should be given under each page. The ordering of author surname, year of publication and page number should be as follows: Demiri\u015f 2006, 59.<\/p>\n\n\n\n<p>\u2022 The reference list should appear at the end of the study and should explain the abbreviation given in the footnote.<\/p>\n\n\n\n<p>For the book:<\/p>\n\n\n\n<p>Demiri\u015f 2006 Demiri\u015f, B., Roma Yaz\u0131n\u0131nda Tarih Yaz\u0131c\u0131l\u0131\u011f\u0131, Ege Yay., Istanbul.<\/p>\n\n\n\n<p>Article format:<\/p>\n\n\n\n<p>Ka\u00e7ar 2009 Ka\u00e7ar, T., \u201cArius: Bir \u2018Sapk\u0131n\u2019\u0131n K\u0131sa Hikayesi\u201d, Lucerna Klasik Filoloji Yaz\u0131lar\u0131, \u0130stanbul.<\/p>\n\n\n\n<p>\u2022 Photographs, images, maps, drawings, figures, etc. used in the article should be referred to in the text only as \u2018Plate\u2019 in the form of abbreviations (Plate 1), (Plate 2), and should be listed under the heading \u2018Plates\u2019 at the end of the article. All plates must be in jpeg or tiff format at 300 dpi. If a plate is quoted, the responsibility lies with the author and the source must be indicated.<\/p>\n\n\n\n<p>\u2022 The number of plates is limited to 10 per article.<\/p>\n\n\n\n<p>\u2022 In the spelling of Latin and Greek words, proper nouns should be separated by a comma if there is a Turkish suffix, for example: Augustus\u2019un. Common nouns should be written in italics; if there is a Turkish suffix, it should be written attached to the word without italics, for example: cavean\u0131n. <em>cavea<\/em>n\u0131n.<\/p>\n\n\n\n<p><\/p>\n\n\n\n<p><\/p>","protected":false},"excerpt":{"rendered":"<p>Makale Ba\u015fvuru Kurallar\u0131 Seleucia, Olba Kaz\u0131s\u0131 yay\u0131n\u0131 olarak y\u0131lda bir say\u0131 yay\u0131nlan\u0131r. Yay\u0131nlanmas\u0131 istenen makalelerin en ge\u00e7 \u015eubat ay\u0131nda g\u00f6nderilmi\u015f olmas\u0131 gerekmektedir. Seleucia, arkeoloji, eski \u00e7a\u011f dilleri ve k\u00fclt\u00fcrleri, eski \u00e7a\u011f tarihi, sanat tarihi konular\u0131nda yaz\u0131lan, daha \u00f6nce yay\u0131nlanmayan yaln\u0131zca T\u00fcrk\u00e7e, \u0130ngilizce \u00e7al\u0131\u015fmalar\u0131 ve kitap tan\u0131t\u0131mlar\u0131n\u0131 yay\u0131nlar. Yaz\u0131m Kurallar\u0131 Makaleler, Times New Roman yaz\u0131 karakterinde,<\/p><\/div>\n<div class=\"blog-btn\"><a href=\"https:\/\/www.seleuciadergisi.com\/en\/yazim-kurallari\/\" class=\"home-blog-btn\">Read More<\/a><\/p>","protected":false},"author":1,"featured_media":0,"parent":0,"menu_order":0,"comment_status":"closed","ping_status":"closed","template":"","meta":{"footnotes":""},"class_list":["post-82","page","type-page","status-publish","hentry"],"_links":{"self":[{"href":"https:\/\/www.seleuciadergisi.com\/en\/wp-json\/wp\/v2\/pages\/82","targetHints":{"allow":["GET"]}}],"collection":[{"href":"https:\/\/www.seleuciadergisi.com\/en\/wp-json\/wp\/v2\/pages"}],"about":[{"href":"https:\/\/www.seleuciadergisi.com\/en\/wp-json\/wp\/v2\/types\/page"}],"author":[{"embeddable":true,"href":"https:\/\/www.seleuciadergisi.com\/en\/wp-json\/wp\/v2\/users\/1"}],"replies":[{"embeddable":true,"href":"https:\/\/www.seleuciadergisi.com\/en\/wp-json\/wp\/v2\/comments?post=82"}],"version-history":[{"count":11,"href":"https:\/\/www.seleuciadergisi.com\/en\/wp-json\/wp\/v2\/pages\/82\/revisions"}],"predecessor-version":[{"id":202,"href":"https:\/\/www.seleuciadergisi.com\/en\/wp-json\/wp\/v2\/pages\/82\/revisions\/202"}],"wp:attachment":[{"href":"https:\/\/www.seleuciadergisi.com\/en\/wp-json\/wp\/v2\/media?parent=82"}],"curies":[{"name":"wp","href":"https:\/\/api.w.org\/{rel}","templated":true}]}}