{"id":79,"date":"2022-01-17T11:35:17","date_gmt":"2022-01-17T11:35:17","guid":{"rendered":"https:\/\/www.seleuciadergisi.com\/?page_id=79"},"modified":"2026-01-20T11:38:41","modified_gmt":"2026-01-20T11:38:41","slug":"dergi-kurullari","status":"publish","type":"page","link":"https:\/\/www.seleuciadergisi.com\/en\/dergi-kurullari\/","title":{"rendered":"JOURNAL BOARDS"},"content":{"rendered":"<h3 class=\"wp-block-heading\">Editorial Board<\/h3>\n\n\n\n<p>Prof. Dr. Diane Favro, Distinguished Research Professor Architecture and Urban Design School<br>of the Arts and Architecture,UCLA, Fellow, Society of Architectural Historians, Samuel H. Kress<br>Professor, CASVA, National Gallery. E-mail: dgfavro@gmail.com<\/p>\n\n\n\n<p>Prof. Dr. Fikret Yeg\u00fcl, Emeritus Distinguished Professor, Department of the History of Art and<br>Architecture, University of California, Santa Barbara, CA-ABD. E-posta: fyegul@gmail.com<\/p>\n\n\n\n<p>Prof. Dr. Emel Erten, aemelerten@gmail.com<\/p>\n\n\n\n<p>Dr. Murat \u00d6zy\u0131ld\u0131r\u0131m, ozyildirimmurat@gmail.com <strong>(Editor-in-Chief)<\/strong><\/p>\n\n\n\n<p>Assoc. Prof. Dr. Yavuz Ye\u011fin, yavuz.yegin002@gmail.com, Ankara University DTCF Department of Archaeology<\/p>\n\n\n\n<p><\/p>\n\n\n\n<h3 class=\"wp-block-heading\">Science Committee<\/h3>\n\n\n\n<p>Prof. Dr. Halit \u00c7al<\/p>\n\n\n\n<p>Prof. Dr. \u00c7i\u011fdem D\u00fcr\u00fc\u015fken<\/p>\n\n\n\n<p>Prof. Dr. Efrumiye Ertekin<\/p>\n\n\n\n<p>Prof. Dr. Emel Erten<\/p>\n\n\n\n<p>Prof. Dr. Diane Favro<\/p>\n\n\n\n<p>Prof. Dr. Turhan Ka\u00e7ar<\/p>\n\n\n\n<p>Prof. Dr. Sedef \u00c7okay Kep\u00e7e<\/p>\n\n\n\n<p>Prof. Dr. G\u00fclg\u00fcn K\u00f6ro\u011flu<\/p>\n\n\n\n<p>Prof. Dr. Erendiz \u00d6zbayo\u011flu<\/p>\n\n\n\n<p>Prof. Dr. Harun Taskiran<\/p>\n\n\n\n<p>Prof. Dr. Mehmet Tekocak<\/p>\n\n\n\n<p>Prof. Dr. Ceren \u00dcnal<\/p>\n\n\n\n<p>Prof. Dr. Fikret K. Yeg\u00fcl<\/p>\n\n\n\n<p>Prof. Dr. Ay\u015fe Fatma Erol<\/p>\n\n\n\n<p>Prof. Dr. Fikret \u00d6zbay<\/p>\n\n\n\n<p>Prof. Dr. Merih Erek<\/p>\n\n\n\n<p>Assoc. Prof. Dr. Erkan Alka\u00e7<\/p>\n\n\n\n<p>Assoc. Prof. Dr. Sabri Ar\u0131c\u0131<\/p>\n\n\n\n<p>Assoc. Prof. Dr. Figen \u00c7evirici Co\u015fkun<\/p>\n\n\n\n<p>Assoc. Prof. Dr. Kas\u0131m Oyar\u00e7in<\/p>\n\n\n\n<p>Assoc. Prof. Dr. Sema Sandalc\u0131<\/p>\n\n\n\n<p>Assoc. Prof. Dr. Muammer Ulut\u00fcrk<\/p>\n\n\n\n<p>Assoc. Prof. Dr. Yavuz Ye\u011fin<\/p>\n\n\n\n<p>Dr. Mustafa Kaya<\/p>\n\n\n\n<p>Dr. H\u00fcseyin Murat \u00d6zgen<\/p>\n\n\n\n<p>Dr. Burak Erdem<\/p>\n\n\n\n<p>Dr. Vujadin Ivanisevic<\/p>\n\n\n\n<p>Dr. Murat Ozy\u0131ld\u0131r\u0131m<\/p>\n\n\n\n<p><\/p>\n\n\n\n<p><\/p>\n\n\n\n<p><\/p>\n\n\n\n<p><\/p>\n\n\n\n<p><\/p>\n\n\n\n<p><a href=\"https:\/\/www.seleuciadergisi.com\/en\/?author=1\"><\/a><\/p>","protected":false},"excerpt":{"rendered":"<p>Edit\u00f6r Kurulu Prof. Dr. Diane Favro, Distinguished Research Professor Architecture and Urban Design Schoolof the Arts and Architecture,UCLA, Fellow, Society of Architectural Historians, Samuel H. KressProfessor, CASVA, National Gallery. E-mail: dgfavro@gmail.com Prof. Dr. Fikret Yeg\u00fcl, Emeritus Distinguished Professor, Department of the History of Art andArchitecture, University of California, Santa Barbara, CA-ABD. E-posta: fyegul@gmail.com Prof. Dr.<\/p><\/div>\n<div class=\"blog-btn\"><a href=\"https:\/\/www.seleuciadergisi.com\/en\/dergi-kurullari\/\" class=\"home-blog-btn\">Read More<\/a><\/p>","protected":false},"author":1,"featured_media":0,"parent":0,"menu_order":0,"comment_status":"closed","ping_status":"closed","template":"","meta":{"footnotes":""},"class_list":["post-79","page","type-page","status-publish","hentry"],"_links":{"self":[{"href":"https:\/\/www.seleuciadergisi.com\/en\/wp-json\/wp\/v2\/pages\/79","targetHints":{"allow":["GET"]}}],"collection":[{"href":"https:\/\/www.seleuciadergisi.com\/en\/wp-json\/wp\/v2\/pages"}],"about":[{"href":"https:\/\/www.seleuciadergisi.com\/en\/wp-json\/wp\/v2\/types\/page"}],"author":[{"embeddable":true,"href":"https:\/\/www.seleuciadergisi.com\/en\/wp-json\/wp\/v2\/users\/1"}],"replies":[{"embeddable":true,"href":"https:\/\/www.seleuciadergisi.com\/en\/wp-json\/wp\/v2\/comments?post=79"}],"version-history":[{"count":12,"href":"https:\/\/www.seleuciadergisi.com\/en\/wp-json\/wp\/v2\/pages\/79\/revisions"}],"predecessor-version":[{"id":221,"href":"https:\/\/www.seleuciadergisi.com\/en\/wp-json\/wp\/v2\/pages\/79\/revisions\/221"}],"wp:attachment":[{"href":"https:\/\/www.seleuciadergisi.com\/en\/wp-json\/wp\/v2\/media?parent=79"}],"curies":[{"name":"wp","href":"https:\/\/api.w.org\/{rel}","templated":true}]}}