{"id":2,"date":"2022-01-05T19:26:51","date_gmt":"2022-01-05T19:26:51","guid":{"rendered":"https:\/\/www.seleuciadergisi.com\/?page_id=2"},"modified":"2026-01-14T11:39:34","modified_gmt":"2026-01-14T11:39:34","slug":"sample-page","status":"publish","type":"page","link":"https:\/\/www.seleuciadergisi.com\/en\/sample-page\/","title":{"rendered":"PURPOSE AND SCOPE"},"content":{"rendered":"<p>Seleucia has been in publication since 2011. The journal features original articles on Archaeology, Ancient Languages and Cultures, and Art History. As the periodical publication of the Olba Excavation, it gives priority to scientific publications related to the city of Olba, but the pages of Seleucia are open to all studies with original findings in the aforementioned fields.<\/p>\n\n\n\n<p>Seleucia is published once a year. Articles intended for publication must be submitted to the journal by February at the latest in order to enter the peer review process.<\/p>\n\n\n\n<p>Seleucia has been indexed in the T\u00dcB\u0130TAK-ULAKB\u0130M Social Sciences Database since 2014.<\/p>\n\n\n\n<p><\/p>\n\n\n\n<p><\/p>\n\n\n\n<p><\/p>\n\n\n\n<blockquote class=\"wp-block-quote is-layout-flow wp-block-quote-is-layout-flow\">\n<p><\/p>\n<\/blockquote>\n\n\n\n<p><\/p>","protected":false},"excerpt":{"rendered":"<p>Seleucia, 2011 y\u0131l\u0131ndan bu yana yay\u0131n hayat\u0131n\u0131 s\u00fcrd\u00fcrmektedir. Dergi, Arkeoloji, Eski \u00c7a\u011f Dilleri ve K\u00fclt\u00fcrleri, Sanat Tarihi konular\u0131nda \u00f6zg\u00fcn makalelere yer vermektedir. Olba Kaz\u0131s\u0131 s\u00fcreli yay\u0131n\u0131 olarak Olba kentine ait bilimsel yay\u0131nlara \u00f6ncelik vermekle birlikte, yukar\u0131da belirtilen konulardaki \u00f6zg\u00fcn sonu\u00e7lara sahip b\u00fct\u00fcn \u00e7al\u0131\u015fmalara Seleucia sayfalar\u0131 a\u00e7\u0131kt\u0131r. Seleucia, y\u0131lda bir say\u0131 olarak yay\u0131nlanmaktad\u0131r. Yay\u0131nlanmas\u0131 istenen makalelerin,<\/p><\/div>\n<div class=\"blog-btn\"><a href=\"https:\/\/www.seleuciadergisi.com\/en\/sample-page\/\" class=\"home-blog-btn\">Read More<\/a><\/p>","protected":false},"author":1,"featured_media":0,"parent":0,"menu_order":0,"comment_status":"closed","ping_status":"open","template":"","meta":{"footnotes":""},"class_list":["post-2","page","type-page","status-publish","hentry"],"_links":{"self":[{"href":"https:\/\/www.seleuciadergisi.com\/en\/wp-json\/wp\/v2\/pages\/2","targetHints":{"allow":["GET"]}}],"collection":[{"href":"https:\/\/www.seleuciadergisi.com\/en\/wp-json\/wp\/v2\/pages"}],"about":[{"href":"https:\/\/www.seleuciadergisi.com\/en\/wp-json\/wp\/v2\/types\/page"}],"author":[{"embeddable":true,"href":"https:\/\/www.seleuciadergisi.com\/en\/wp-json\/wp\/v2\/users\/1"}],"replies":[{"embeddable":true,"href":"https:\/\/www.seleuciadergisi.com\/en\/wp-json\/wp\/v2\/comments?post=2"}],"version-history":[{"count":5,"href":"https:\/\/www.seleuciadergisi.com\/en\/wp-json\/wp\/v2\/pages\/2\/revisions"}],"predecessor-version":[{"id":198,"href":"https:\/\/www.seleuciadergisi.com\/en\/wp-json\/wp\/v2\/pages\/2\/revisions\/198"}],"wp:attachment":[{"href":"https:\/\/www.seleuciadergisi.com\/en\/wp-json\/wp\/v2\/media?parent=2"}],"curies":[{"name":"wp","href":"https:\/\/api.w.org\/{rel}","templated":true}]}}